{"id":8,"date":"2016-05-05T21:22:16","date_gmt":"2016-05-05T21:22:16","guid":{"rendered":"http:\/\/martinsemartins.imb.br\/site\/?page_id=8"},"modified":"2016-10-08T18:12:53","modified_gmt":"2016-10-08T18:12:53","slug":"empresa","status":"publish","type":"page","link":"https:\/\/martinsemartins.imb.br\/site\/empresa\/","title":{"rendered":"Empresa"},"content":{"rendered":"<h2>Miss\u00e3o<\/h2>\n<p>Entender profundamente as necessidades e expectativas dos clientes, mediante atendimento personalizado, garantindo as melhores ofertas de custo\/benef\u00edcio em todos os segmentos do mercado.<\/p>\n<h2>Vis\u00e3o<\/h2>\n<p>Ser refer\u00eancia imobili\u00e1ria como empresa din\u00e2mica, respons\u00e1vel, motivadora, que antecipa tend\u00eancias treinando e evoluindo seu corpo profissional, que atrav\u00e9s de atendimento personalizado, preza pela qualidade de vida de nossos clientes.<\/p>\n<h2>Valores<\/h2>\n<p>Ser sustent\u00e1vel em todos os seus n\u00edveis zelando sempre por um comportamento \u00e9tico inalter\u00e1vel, respeito \u00e0s pessoas e a sociedade, e acima de tudo com transpar\u00eancia em sua conduta, qualidade m\u00e1xima nos servi\u00e7os, inova\u00e7\u00e3o como marca registrada e comprometimento com as melhores causas do setor.<\/p>\n<p>Sustentabilidade, \u00c9tica, Respeito, Transpar\u00eancia, Qualidade, Inova\u00e7\u00e3o, Comprometimento.<\/p>\n","protected":false},"excerpt":{"rendered":"<p>Miss\u00e3o Entender profundamente as necessidades e expectativas dos clientes, mediante atendimento personalizado, garantindo as melhores ofertas de custo\/benef\u00edcio em todos os segmentos do mercado. Vis\u00e3o Ser refer\u00eancia imobili\u00e1ria como empresa din\u00e2mica, respons\u00e1vel, motivadora, que antecipa tend\u00eancias treinando e evoluindo seu corpo profissional, que atrav\u00e9s de atendimento personalizado, preza pela qualidade de vida de nossos clientes. [&hellip;]<\/p>\n","protected":false},"author":2,"featured_media":0,"parent":0,"menu_order":0,"comment_status":"closed","ping_status":"closed","template":"","meta":{"footnotes":""},"_links":{"self":[{"href":"https:\/\/martinsemartins.imb.br\/site\/wp-json\/wp\/v2\/pages\/8"}],"collection":[{"href":"https:\/\/martinsemartins.imb.br\/site\/wp-json\/wp\/v2\/pages"}],"about":[{"href":"https:\/\/martinsemartins.imb.br\/site\/wp-json\/wp\/v2\/types\/page"}],"author":[{"embeddable":true,"href":"https:\/\/martinsemartins.imb.br\/site\/wp-json\/wp\/v2\/users\/2"}],"replies":[{"embeddable":true,"href":"https:\/\/martinsemartins.imb.br\/site\/wp-json\/wp\/v2\/comments?post=8"}],"version-history":[{"count":3,"href":"https:\/\/martinsemartins.imb.br\/site\/wp-json\/wp\/v2\/pages\/8\/revisions"}],"predecessor-version":[{"id":189,"href":"https:\/\/martinsemartins.imb.br\/site\/wp-json\/wp\/v2\/pages\/8\/revisions\/189"}],"wp:attachment":[{"href":"https:\/\/martinsemartins.imb.br\/site\/wp-json\/wp\/v2\/media?parent=8"}],"curies":[{"name":"wp","href":"https:\/\/api.w.org\/{rel}","templated":true}]}}