{"id":73,"date":"2016-07-18T15:59:42","date_gmt":"2016-07-18T15:59:42","guid":{"rendered":"http:\/\/martinsemartins.imb.br\/site\/?page_id=73"},"modified":"2016-10-23T14:31:39","modified_gmt":"2016-10-23T14:31:39","slug":"encomende-seu-imovel","status":"publish","type":"page","link":"https:\/\/martinsemartins.imb.br\/site\/encomende-seu-imovel\/","title":{"rendered":"Encomende seu Im\u00f3vel"},"content":{"rendered":"<p><strong>N\u00e3o encontrou o que procurava? Preencha o formul\u00e1rio abaixo com as caracter\u00edsticas do im\u00f3vel que deseja, pois entraremos em contato com voc\u00ea assim que encontrarmos um im\u00f3vel com o perfil informado.<\/strong><\/p>\n\n<div class=\"wpcf7 no-js\" id=\"wpcf7-f148-o1\" lang=\"pt-BR\" dir=\"ltr\">\n<div class=\"screen-reader-response\"><p role=\"status\" aria-live=\"polite\" aria-atomic=\"true\"><\/p> <ul><\/ul><\/div>\n<form action=\"\/site\/wp-json\/wp\/v2\/pages\/73#wpcf7-f148-o1\" method=\"post\" class=\"wpcf7-form init\" aria-label=\"Formul\u00e1rios de contato\" novalidate=\"novalidate\" data-status=\"init\">\n<div style=\"display: none;\">\n<input type=\"hidden\" name=\"_wpcf7\" value=\"148\" \/>\n<input type=\"hidden\" name=\"_wpcf7_version\" value=\"5.8.1\" \/>\n<input type=\"hidden\" name=\"_wpcf7_locale\" value=\"pt_BR\" \/>\n<input type=\"hidden\" name=\"_wpcf7_unit_tag\" value=\"wpcf7-f148-o1\" \/>\n<input type=\"hidden\" name=\"_wpcf7_container_post\" value=\"0\" \/>\n<input type=\"hidden\" name=\"_wpcf7_posted_data_hash\" value=\"\" \/>\n<\/div>\n<h3>Perfil do im\u00f3vel\n<\/h3>\n<h5>O que deseja?\n<\/h5>\n<p><span class=\"wpcf7-form-control-wrap\" data-name=\"checkbox-626\"><span class=\"wpcf7-form-control wpcf7-checkbox wpcf7-exclusive-checkbox\"><span class=\"wpcf7-list-item first\"><span class=\"wpcf7-list-item-label\">Compra<\/span><input type=\"checkbox\" name=\"checkbox-626\" value=\"Compra\" \/><\/span><span class=\"wpcf7-list-item\"><span class=\"wpcf7-list-item-label\">Aluguel<\/span><input type=\"checkbox\" name=\"checkbox-626\" value=\"Aluguel\" \/><\/span><span class=\"wpcf7-list-item last\"><span class=\"wpcf7-list-item-label\">Temporada<\/span><input type=\"checkbox\" name=\"checkbox-626\" value=\"Temporada\" \/><\/span><\/span><\/span>\n<\/p>\n<h5>Quais tipos de im\u00f3veis de seu interesse?\n<\/h5>\n<p><span class=\"wpcf7-form-control-wrap\" data-name=\"checkbox-383\"><span class=\"wpcf7-form-control wpcf7-checkbox\"><span class=\"wpcf7-list-item first\"><span class=\"wpcf7-list-item-label\">Andar<\/span><input type=\"checkbox\" name=\"checkbox-383[]\" value=\"Andar\" \/><\/span><span class=\"wpcf7-list-item\"><span class=\"wpcf7-list-item-label\">Apartamento<\/span><input type=\"checkbox\" name=\"checkbox-383[]\" value=\"Apartamento\" \/><\/span><span class=\"wpcf7-list-item\"><span class=\"wpcf7-list-item-label\">\u00c1rea<\/span><input type=\"checkbox\" name=\"checkbox-383[]\" value=\"\u00c1rea\" \/><\/span><span class=\"wpcf7-list-item\"><span class=\"wpcf7-list-item-label\">Casa<\/span><input type=\"checkbox\" name=\"checkbox-383[]\" value=\"Casa\" \/><\/span><span class=\"wpcf7-list-item\"><span class=\"wpcf7-list-item-label\">Ch\u00e1cara<\/span><input type=\"checkbox\" name=\"checkbox-383[]\" value=\"Ch\u00e1cara\" \/><\/span><span class=\"wpcf7-list-item\"><span class=\"wpcf7-list-item-label\">Comercial<\/span><input type=\"checkbox\" name=\"checkbox-383[]\" value=\"Comercial\" \/><\/span><span class=\"wpcf7-list-item\"><span class=\"wpcf7-list-item-label\">Conjunto<\/span><input type=\"checkbox\" name=\"checkbox-383[]\" value=\"Conjunto\" \/><\/span><span class=\"wpcf7-list-item\"><span class=\"wpcf7-list-item-label\">Dep\u00f3sito<\/span><input type=\"checkbox\" name=\"checkbox-383[]\" value=\"Dep\u00f3sito\" \/><\/span><span class=\"wpcf7-list-item\"><span class=\"wpcf7-list-item-label\">Fazenda<\/span><input type=\"checkbox\" name=\"checkbox-383[]\" value=\"Fazenda\" \/><\/span><span class=\"wpcf7-list-item\"><span class=\"wpcf7-list-item-label\">Flat<\/span><input type=\"checkbox\" name=\"checkbox-383[]\" value=\"Flat\" \/><\/span><span class=\"wpcf7-list-item\"><span class=\"wpcf7-list-item-label\">Galp\u00e3o<\/span><input type=\"checkbox\" name=\"checkbox-383[]\" value=\"Galp\u00e3o\" \/><\/span><span class=\"wpcf7-list-item\"><span class=\"wpcf7-list-item-label\">Garagem<\/span><input type=\"checkbox\" name=\"checkbox-383[]\" value=\"Garagem\" \/><\/span><span class=\"wpcf7-list-item\"><span class=\"wpcf7-list-item-label\">Hotel<\/span><input type=\"checkbox\" name=\"checkbox-383[]\" value=\"Hotel\" \/><\/span><span class=\"wpcf7-list-item\"><span class=\"wpcf7-list-item-label\">Ilha<\/span><input type=\"checkbox\" name=\"checkbox-383[]\" value=\"Ilha\" \/><\/span><span class=\"wpcf7-list-item\"><span class=\"wpcf7-list-item-label\">Ind\u00fastria<\/span><input type=\"checkbox\" name=\"checkbox-383[]\" value=\"Ind\u00fastria\" \/><\/span><span class=\"wpcf7-list-item\"><span class=\"wpcf7-list-item-label\">Loja<\/span><input type=\"checkbox\" name=\"checkbox-383[]\" value=\"Loja\" \/><\/span><span class=\"wpcf7-list-item\"><span class=\"wpcf7-list-item-label\">Pr\u00e9dio<\/span><input type=\"checkbox\" name=\"checkbox-383[]\" value=\"Pr\u00e9dio\" \/><\/span><span class=\"wpcf7-list-item\"><span class=\"wpcf7-list-item-label\">Sala<\/span><input type=\"checkbox\" name=\"checkbox-383[]\" value=\"Sala\" \/><\/span><span class=\"wpcf7-list-item\"><span class=\"wpcf7-list-item-label\">S\u00edtio<\/span><input type=\"checkbox\" name=\"checkbox-383[]\" value=\"S\u00edtio\" \/><\/span><span class=\"wpcf7-list-item\"><span class=\"wpcf7-list-item-label\">Sobrado<\/span><input type=\"checkbox\" name=\"checkbox-383[]\" value=\"Sobrado\" \/><\/span><span class=\"wpcf7-list-item last\"><span class=\"wpcf7-list-item-label\">Terreno<\/span><input type=\"checkbox\" name=\"checkbox-383[]\" value=\"Terreno\" \/><\/span><\/span><\/span>\n<\/p>\n<h5> Descreva em detalhes as caracter\u00edsticas desejadas que o im\u00f3vel dever\u00e1 possuir.\n<\/h5>\n<p><span class=\"wpcf7-form-control-wrap\" data-name=\"your-message\"><textarea cols=\"40\" rows=\"10\" class=\"wpcf7-form-control wpcf7-textarea\" aria-invalid=\"false\" name=\"your-message\"><\/textarea><\/span>\n<\/p>\n<h3>Dados Pessoais\n<\/h3>\n<h5>Nome Completo:\n<\/h5>\n<p><span class=\"wpcf7-form-control-wrap\" data-name=\"text-532\"><input size=\"40\" class=\"wpcf7-form-control wpcf7-text wpcf7-validates-as-required\" aria-required=\"true\" aria-invalid=\"false\" value=\"\" type=\"text\" name=\"text-532\" \/><\/span>\n<\/p>\n<h5>E-mail:\n<\/h5>\n<p><span class=\"wpcf7-form-control-wrap\" data-name=\"email-720\"><input size=\"40\" class=\"wpcf7-form-control wpcf7-email wpcf7-text wpcf7-validates-as-email\" aria-invalid=\"false\" value=\"\" type=\"email\" name=\"email-720\" \/><\/span>\n<\/p>\n<h5>Telefone:\n<\/h5>\n<p><span class=\"wpcf7-form-control-wrap\" data-name=\"text-61\"><input size=\"40\" class=\"wpcf7-form-control wpcf7-text\" aria-invalid=\"false\" value=\"\" type=\"text\" name=\"text-61\" \/><\/span>\n<\/p>\n<h5>Celular:\n<\/h5>\n<p><span class=\"wpcf7-form-control-wrap\" data-name=\"text-62\"><input size=\"40\" class=\"wpcf7-form-control wpcf7-text\" aria-invalid=\"false\" value=\"\" type=\"text\" name=\"text-62\" \/><\/span>\n<\/p>\n<h5>Estado:\n<\/h5>\n<p><span class=\"wpcf7-form-control-wrap\" data-name=\"menu-771\"><select class=\"wpcf7-form-control wpcf7-select\" aria-invalid=\"false\" name=\"menu-771\"><option value=\"\">&#8212;Escolha uma op\u00e7\u00e3o&#8212;<\/option><option value=\"AC\">AC<\/option><option value=\"AL\">AL<\/option><option value=\"AP\">AP<\/option><option value=\"AM\">AM<\/option><option value=\"BA\">BA<\/option><option value=\"CE\">CE<\/option><option value=\"DF\">DF<\/option><option value=\"ES\">ES<\/option><option value=\"GO\">GO<\/option><option value=\"MA\">MA<\/option><option value=\"MT\">MT<\/option><option value=\"MS\">MS<\/option><option value=\"MG\">MG<\/option><option value=\"PA\">PA<\/option><option value=\"PB\">PB<\/option><option value=\"PR\">PR<\/option><option value=\"PE\">PE<\/option><option value=\"PI\">PI<\/option><option value=\"RJ\">RJ<\/option><option value=\"RN\">RN<\/option><option value=\"RS\">RS<\/option><option value=\"RO\">RO<\/option><option value=\"RR\">RR<\/option><option value=\"SC\">SC<\/option><option value=\"SP\">SP<\/option><option value=\"SE\">SE<\/option><option value=\"TO\">TO<\/option><\/select><\/span>\n<\/p>\n<h5>Cidade:\n<\/h5>\n<p><span class=\"wpcf7-form-control-wrap\" data-name=\"text-550\"><input size=\"40\" class=\"wpcf7-form-control wpcf7-text\" aria-invalid=\"false\" value=\"\" type=\"text\" name=\"text-550\" \/><\/span>\n<\/p>\n<h5>Endere\u00e7o:\n<\/h5>\n<p><span class=\"wpcf7-form-control-wrap\" data-name=\"text-588\"><input size=\"40\" class=\"wpcf7-form-control wpcf7-text\" aria-invalid=\"false\" value=\"\" type=\"text\" name=\"text-588\" \/><\/span><br \/>\n<input class=\"wpcf7-form-control wpcf7-submit has-spinner\" type=\"submit\" value=\"Enviar\" \/>\n<\/p><div class=\"wpcf7-response-output\" aria-hidden=\"true\"><\/div>\n<\/form>\n<\/div>\n\n<p>&nbsp;<\/p>\n","protected":false},"excerpt":{"rendered":"<p>N\u00e3o encontrou o que procurava? Preencha o formul\u00e1rio abaixo com as caracter\u00edsticas do im\u00f3vel que deseja, pois entraremos em contato com voc\u00ea assim que encontrarmos um im\u00f3vel com o perfil informado. &nbsp;<\/p>\n","protected":false},"author":2,"featured_media":0,"parent":0,"menu_order":0,"comment_status":"closed","ping_status":"closed","template":"","meta":{"footnotes":""},"_links":{"self":[{"href":"https:\/\/martinsemartins.imb.br\/site\/wp-json\/wp\/v2\/pages\/73"}],"collection":[{"href":"https:\/\/martinsemartins.imb.br\/site\/wp-json\/wp\/v2\/pages"}],"about":[{"href":"https:\/\/martinsemartins.imb.br\/site\/wp-json\/wp\/v2\/types\/page"}],"author":[{"embeddable":true,"href":"https:\/\/martinsemartins.imb.br\/site\/wp-json\/wp\/v2\/users\/2"}],"replies":[{"embeddable":true,"href":"https:\/\/martinsemartins.imb.br\/site\/wp-json\/wp\/v2\/comments?post=73"}],"version-history":[{"count":4,"href":"https:\/\/martinsemartins.imb.br\/site\/wp-json\/wp\/v2\/pages\/73\/revisions"}],"predecessor-version":[{"id":150,"href":"https:\/\/martinsemartins.imb.br\/site\/wp-json\/wp\/v2\/pages\/73\/revisions\/150"}],"wp:attachment":[{"href":"https:\/\/martinsemartins.imb.br\/site\/wp-json\/wp\/v2\/media?parent=73"}],"curies":[{"name":"wp","href":"https:\/\/api.w.org\/{rel}","templated":true}]}}