{"id":44,"date":"2016-07-15T14:20:21","date_gmt":"2016-07-15T14:20:21","guid":{"rendered":"http:\/\/martinsemartins.imb.br\/site\/?page_id=44"},"modified":"2016-10-23T16:10:31","modified_gmt":"2016-10-23T16:10:31","slug":"simuladores","status":"publish","type":"page","link":"https:\/\/martinsemartins.imb.br\/site\/simuladores\/","title":{"rendered":"Simuladores"},"content":{"rendered":"<p>Escolha abaixo o banco de sua prefer\u00eancia e simule um financiamento.<br \/>\n<a href=\"http:\/\/www8.caixa.gov.br\/siopiinternet\/simulaOperacaoInternet.do?method=inicializarCasoUso\" target=\"_blank\"><img decoding=\"async\" loading=\"lazy\" class=\"alignnone wp-image-54 size-full\" src=\"http:\/\/martinsemartins.imb.br\/site\/wp-content\/uploads\/2016\/07\/1_caixa.png\" alt=\"1_caixa\" width=\"150\" height=\"110\" \/><\/a><a href=\"http:\/\/www.bradesco.com.br\/html\/classic\/produtos-servicos\/emprestimo-e-financiamento\/index.shtm?par=1\" target=\"_blank\"><img decoding=\"async\" loading=\"lazy\" class=\"alignnone wp-image-57 size-full\" src=\"http:\/\/martinsemartins.imb.br\/site\/wp-content\/uploads\/2016\/07\/bradesco.png\" alt=\"bradesco\" width=\"150\" height=\"110\" \/><\/a><\/p>\n<p>Para mais informa\u00e7\u00f5es sobre financiamentos preencha o formul\u00e1rio abaixo.<br \/>\nTeremos o maior prazer em atend\u00ea-lo.<br \/>\n\n<div class=\"wpcf7 no-js\" id=\"wpcf7-f61-o1\" lang=\"pt-BR\" dir=\"ltr\">\n<div class=\"screen-reader-response\"><p role=\"status\" aria-live=\"polite\" aria-atomic=\"true\"><\/p> <ul><\/ul><\/div>\n<form action=\"\/site\/wp-json\/wp\/v2\/pages\/44#wpcf7-f61-o1\" method=\"post\" class=\"wpcf7-form init\" aria-label=\"Formul\u00e1rios de contato\" novalidate=\"novalidate\" data-status=\"init\">\n<div style=\"display: none;\">\n<input type=\"hidden\" name=\"_wpcf7\" value=\"61\" \/>\n<input type=\"hidden\" name=\"_wpcf7_version\" value=\"5.8.1\" \/>\n<input type=\"hidden\" name=\"_wpcf7_locale\" value=\"pt_BR\" \/>\n<input type=\"hidden\" name=\"_wpcf7_unit_tag\" value=\"wpcf7-f61-o1\" \/>\n<input type=\"hidden\" name=\"_wpcf7_container_post\" value=\"0\" \/>\n<input type=\"hidden\" name=\"_wpcf7_posted_data_hash\" value=\"\" \/>\n<\/div>\n<p>Seu nome (obrigat\u00f3rio)\n<\/p>\n<p><span class=\"wpcf7-form-control-wrap\" data-name=\"your-name\"><input size=\"40\" class=\"wpcf7-form-control wpcf7-text wpcf7-validates-as-required\" aria-required=\"true\" aria-invalid=\"false\" value=\"\" type=\"text\" name=\"your-name\" \/><\/span>\n<\/p>\n<p>Seu e-mail (obrigat\u00f3rio)\n<\/p>\n<p><span class=\"wpcf7-form-control-wrap\" data-name=\"your-email\"><input size=\"40\" class=\"wpcf7-form-control wpcf7-email wpcf7-validates-as-required wpcf7-text wpcf7-validates-as-email\" aria-required=\"true\" aria-invalid=\"false\" value=\"\" type=\"email\" name=\"your-email\" \/><\/span>\n<\/p>\n<p>Assunto\n<\/p>\n<p><span class=\"wpcf7-form-control-wrap\" data-name=\"your-subject\"><input size=\"40\" class=\"wpcf7-form-control wpcf7-text\" aria-invalid=\"false\" value=\"\" type=\"text\" name=\"your-subject\" \/><\/span>\n<\/p>\n<p>Informa\u00e7\u00f5es relevantes: (Renda familiar , data de nascimento entre outros)\n<\/p>\n<p><span class=\"wpcf7-form-control-wrap\" data-name=\"your-message\"><textarea cols=\"40\" rows=\"10\" class=\"wpcf7-form-control wpcf7-textarea\" aria-invalid=\"false\" name=\"your-message\"><\/textarea><\/span>\n<\/p>\n<p><input class=\"wpcf7-form-control wpcf7-submit has-spinner\" type=\"submit\" value=\"Enviar\" \/>\n<\/p><div class=\"wpcf7-response-output\" aria-hidden=\"true\"><\/div>\n<\/form>\n<\/div>\n<\/p>\n","protected":false},"excerpt":{"rendered":"<p>Escolha abaixo o banco de sua prefer\u00eancia e simule um financiamento. Para mais informa\u00e7\u00f5es sobre financiamentos preencha o formul\u00e1rio abaixo. Teremos o maior prazer em atend\u00ea-lo.<\/p>\n","protected":false},"author":2,"featured_media":0,"parent":0,"menu_order":0,"comment_status":"closed","ping_status":"closed","template":"","meta":{"footnotes":""},"_links":{"self":[{"href":"https:\/\/martinsemartins.imb.br\/site\/wp-json\/wp\/v2\/pages\/44"}],"collection":[{"href":"https:\/\/martinsemartins.imb.br\/site\/wp-json\/wp\/v2\/pages"}],"about":[{"href":"https:\/\/martinsemartins.imb.br\/site\/wp-json\/wp\/v2\/types\/page"}],"author":[{"embeddable":true,"href":"https:\/\/martinsemartins.imb.br\/site\/wp-json\/wp\/v2\/users\/2"}],"replies":[{"embeddable":true,"href":"https:\/\/martinsemartins.imb.br\/site\/wp-json\/wp\/v2\/comments?post=44"}],"version-history":[{"count":6,"href":"https:\/\/martinsemartins.imb.br\/site\/wp-json\/wp\/v2\/pages\/44\/revisions"}],"predecessor-version":[{"id":157,"href":"https:\/\/martinsemartins.imb.br\/site\/wp-json\/wp\/v2\/pages\/44\/revisions\/157"}],"wp:attachment":[{"href":"https:\/\/martinsemartins.imb.br\/site\/wp-json\/wp\/v2\/media?parent=44"}],"curies":[{"name":"wp","href":"https:\/\/api.w.org\/{rel}","templated":true}]}}