{"id":40,"date":"2016-07-15T14:05:03","date_gmt":"2016-07-15T14:05:03","guid":{"rendered":"http:\/\/martinsemartins.imb.br\/site\/?page_id=40"},"modified":"2016-10-26T12:47:21","modified_gmt":"2016-10-26T12:47:21","slug":"servicos","status":"publish","type":"page","link":"https:\/\/martinsemartins.imb.br\/site\/servicos\/","title":{"rendered":"Servi\u00e7os"},"content":{"rendered":"<p style=\"text-align: justify;\">[su_box title=&#8221;<strong>VENDA DE IM\u00d3VEIS:<\/strong>&#8221; style=&#8221;soft&#8221; box_color=&#8221;#555555&#8243; radius=&#8221;0&#8243;]Terrenos, casas, apartamentos, ch\u00e1caras, \u00e1reas de terras, im\u00f3veis comerciais, \u00e1reas industriais.[\/su_box]<\/p>\n<p style=\"text-align: justify;\">[su_box title=&#8221;<strong>LAUDOS DE VALOR DE COMERCIALIZA\u00c7\u00c3O:<\/strong> &#8221; style=&#8221;soft&#8221; box_color=&#8221;#555555&#8243; radius=&#8221;0&#8243;]Realizamos laudos de valor para comercializa\u00e7\u00e3o de im\u00f3veis, ou seja, avaliamos por quanto o im\u00f3vel pode ser vendido, comprado, ofertado, permutado, dado em garantia, hipoteca, ou por qualquer outra forma transacionar im\u00f3veis.[\/su_box]<\/p>\n<p style=\"text-align: justify;\">[su_box title=&#8221;<strong>LAUDOS DE VALOR DE MERCADO:<\/strong>&#8221; style=&#8221;soft&#8221; box_color=&#8221;#555555&#8243; radius=&#8221;0&#8243;]\u00a0Elaboramos Laudos de Valor de Mercado para loca\u00e7\u00e3o de im\u00f3veis comerciais, residenciais, industriais.[\/su_box]<\/p>\n<p style=\"text-align: justify;\">[su_box title=&#8221;<strong>LAUDOS JUDICIAIS:<\/strong>&#8221; style=&#8221;soft&#8221; box_color=&#8221;#555555&#8243; radius=&#8221;0&#8243;]<strong>\u00a0<\/strong>Efetuamos, quando solicitados judicialmente, ou pelas partes, laudos para dirimir d\u00favidas ou auxiliar em acordos judiciais ou extrajudiciais.[\/su_box]<\/p>\n<p style=\"text-align: justify;\">[su_box title=&#8221;<strong>CONSTRU\u00c7\u00c3O:<\/strong>&#8221; style=&#8221;soft&#8221; box_color=&#8221;#555555&#8243; radius=&#8221;0&#8243;] <strong>\u00a0<\/strong>Efetuamos constru\u00e7\u00e3o de seu im\u00f3vel.[\/su_box]<\/p>\n<p style=\"text-align: justify;\">\n<p style=\"text-align: justify;\">\n<p style=\"text-align: justify;\">\n<p style=\"text-align: justify;\"><strong>\u00a0<\/strong><\/p>\n<p style=\"text-align: justify;\"><strong>\u00a0<\/strong><\/p>\n","protected":false},"excerpt":{"rendered":"<p>[su_box title=&#8221;VENDA DE IM\u00d3VEIS:&#8221; style=&#8221;soft&#8221; box_color=&#8221;#555555&#8243; radius=&#8221;0&#8243;]Terrenos, casas, apartamentos, ch\u00e1caras, \u00e1reas de terras, im\u00f3veis comerciais, \u00e1reas industriais.[\/su_box] [su_box title=&#8221;LAUDOS DE VALOR DE COMERCIALIZA\u00c7\u00c3O: &#8221; style=&#8221;soft&#8221; box_color=&#8221;#555555&#8243; radius=&#8221;0&#8243;]Realizamos laudos de valor para comercializa\u00e7\u00e3o de im\u00f3veis, ou seja, avaliamos por quanto o im\u00f3vel pode ser vendido, comprado, ofertado, permutado, dado em garantia, hipoteca, ou por qualquer outra [&hellip;]<\/p>\n","protected":false},"author":2,"featured_media":0,"parent":0,"menu_order":0,"comment_status":"closed","ping_status":"closed","template":"","meta":{"footnotes":""},"_links":{"self":[{"href":"https:\/\/martinsemartins.imb.br\/site\/wp-json\/wp\/v2\/pages\/40"}],"collection":[{"href":"https:\/\/martinsemartins.imb.br\/site\/wp-json\/wp\/v2\/pages"}],"about":[{"href":"https:\/\/martinsemartins.imb.br\/site\/wp-json\/wp\/v2\/types\/page"}],"author":[{"embeddable":true,"href":"https:\/\/martinsemartins.imb.br\/site\/wp-json\/wp\/v2\/users\/2"}],"replies":[{"embeddable":true,"href":"https:\/\/martinsemartins.imb.br\/site\/wp-json\/wp\/v2\/comments?post=40"}],"version-history":[{"count":12,"href":"https:\/\/martinsemartins.imb.br\/site\/wp-json\/wp\/v2\/pages\/40\/revisions"}],"predecessor-version":[{"id":188,"href":"https:\/\/martinsemartins.imb.br\/site\/wp-json\/wp\/v2\/pages\/40\/revisions\/188"}],"wp:attachment":[{"href":"https:\/\/martinsemartins.imb.br\/site\/wp-json\/wp\/v2\/media?parent=40"}],"curies":[{"name":"wp","href":"https:\/\/api.w.org\/{rel}","templated":true}]}}