{"id":12,"date":"2016-05-05T21:24:09","date_gmt":"2016-05-05T21:24:09","guid":{"rendered":"http:\/\/martinsemartins.imb.br\/site\/?page_id=12"},"modified":"2021-08-17T14:42:43","modified_gmt":"2021-08-17T14:42:43","slug":"contato","status":"publish","type":"page","link":"https:\/\/martinsemartins.imb.br\/site\/contato\/","title":{"rendered":"Contato"},"content":{"rendered":"<h2><strong><em><span style=\"color: #ff0000;\">Localiza\u00e7\u00e3o<\/span><\/em><\/strong><\/h2>\n<p>Rua Rio Branco, 1083, Centro<br \/>\nEdif\u00edcio Alphaville, Sala 102<br \/>\nPalmeira das Miss\u00f5es &#8211; RS<br \/>\nCEP: 98300-000<br \/>\n&#8212;&#8212;&#8212;&#8212;&#8212;&#8212;&#8212;&#8212;&#8212;&#8212;&#8212;&#8212;&#8212;-<br \/>\nEderson Fortes Martins<br \/>\nCorretor de Im\u00f3veis &#8211; CRECI: 49357<br \/>\nE-mail: ederson@martinsemartins.imb.br<br \/>\nFone: (55) 9 9929-9291<\/p>\n<p>Nadini Atz Martins<br \/>\nAdministradora<br \/>\nE-mail: nadini@martinsemartins.imb.br<br \/>\nFone: (55) 9 9718-7760<\/p>\n<p>[su_gmap address=&#8221;Rua Rio Branco, 1083, Palmeira das Miss\u00f5es \u2013 RS&#8221;]<\/p>\n","protected":false},"excerpt":{"rendered":"<p>Localiza\u00e7\u00e3o Rua Rio Branco, 1083, Centro Edif\u00edcio Alphaville, Sala 102 Palmeira das Miss\u00f5es &#8211; RS CEP: 98300-000 &#8212;&#8212;&#8212;&#8212;&#8212;&#8212;&#8212;&#8212;&#8212;&#8212;&#8212;&#8212;&#8212;- Ederson Fortes Martins Corretor de Im\u00f3veis &#8211; CRECI: 49357 E-mail: ederson@martinsemartins.imb.br Fone: (55) 9 9929-9291 Nadini Atz Martins Administradora E-mail: nadini@martinsemartins.imb.br Fone: (55) 9 9718-7760 [su_gmap address=&#8221;Rua Rio Branco, 1083, Palmeira das Miss\u00f5es \u2013 RS&#8221;]<\/p>\n","protected":false},"author":2,"featured_media":0,"parent":0,"menu_order":0,"comment_status":"closed","ping_status":"closed","template":"template-contact.php","meta":{"footnotes":""},"_links":{"self":[{"href":"https:\/\/martinsemartins.imb.br\/site\/wp-json\/wp\/v2\/pages\/12"}],"collection":[{"href":"https:\/\/martinsemartins.imb.br\/site\/wp-json\/wp\/v2\/pages"}],"about":[{"href":"https:\/\/martinsemartins.imb.br\/site\/wp-json\/wp\/v2\/types\/page"}],"author":[{"embeddable":true,"href":"https:\/\/martinsemartins.imb.br\/site\/wp-json\/wp\/v2\/users\/2"}],"replies":[{"embeddable":true,"href":"https:\/\/martinsemartins.imb.br\/site\/wp-json\/wp\/v2\/comments?post=12"}],"version-history":[{"count":27,"href":"https:\/\/martinsemartins.imb.br\/site\/wp-json\/wp\/v2\/pages\/12\/revisions"}],"predecessor-version":[{"id":794,"href":"https:\/\/martinsemartins.imb.br\/site\/wp-json\/wp\/v2\/pages\/12\/revisions\/794"}],"wp:attachment":[{"href":"https:\/\/martinsemartins.imb.br\/site\/wp-json\/wp\/v2\/media?parent=12"}],"curies":[{"name":"wp","href":"https:\/\/api.w.org\/{rel}","templated":true}]}}